{"id":112545,"date":"2017-05-18T10:10:21","date_gmt":"2017-05-18T10:10:21","guid":{"rendered":"http:\/\/www.austekstil.com\/contact\/"},"modified":"2024-03-28T06:29:18","modified_gmt":"2024-03-28T06:29:18","slug":"iletisim","status":"publish","type":"page","link":"https:\/\/www.austekstil.com\/tr\/iletisim\/","title":{"rendered":"\u0130leti\u015fim"},"content":{"rendered":"<p>[vc_row row_height_percent=&#8221;70&#8243; back_color=&#8221;color-wayh&#8221; back_image=&#8221;111465&#8243; back_repeat=&#8221;no-repeat&#8221; back_position=&#8221;center center&#8221; overlay_color=&#8221;color-jevc&#8221; overlay_alpha=&#8221;50&#8243; gutter_size=&#8221;3&#8243; column_width_percent=&#8221;100&#8243; shift_y=&#8221;0&#8243; z_index=&#8221;0&#8243; uncode_shortcode_id=&#8221;910983&#8243; back_color_type=&#8221;uncode-palette&#8221; overlay_color_type=&#8221;uncode-palette&#8221;][vc_column column_width_percent=&#8221;100&#8243; gutter_size=&#8221;3&#8243; style=&#8221;dark&#8221; overlay_alpha=&#8221;50&#8243; shift_x=&#8221;0&#8243; shift_y=&#8221;0&#8243; shift_y_down=&#8221;0&#8243; z_index=&#8221;0&#8243; medium_width=&#8221;0&#8243; mobile_width=&#8221;0&#8243; width=&#8221;1\/1&#8243;][\/vc_column][\/vc_row][vc_row row_height_percent=&#8221;0&#8243; override_padding=&#8221;yes&#8221; h_padding=&#8221;2&#8243; top_padding=&#8221;0&#8243; bottom_padding=&#8221;0&#8243; overlay_alpha=&#8221;50&#8243; gutter_size=&#8221;3&#8243; column_width_percent=&#8221;100&#8243; shift_y=&#8221;0&#8243; z_index=&#8221;0&#8243;][vc_column column_width_percent=&#8221;100&#8243; gutter_size=&#8221;3&#8243; override_padding=&#8221;yes&#8221; column_padding=&#8221;3&#8243; back_color=&#8221;color-xsdn&#8221; overlay_alpha=&#8221;50&#8243; shift_x=&#8221;0&#8243; shift_y=&#8221;-4&#8243; shift_y_fixed=&#8221;yes&#8221; shift_y_down=&#8221;0&#8243; z_index=&#8221;0&#8243; medium_width=&#8221;0&#8243; mobile_width=&#8221;0&#8243; width=&#8221;1\/1&#8243;][vc_row_inner row_inner_height_percent=&#8221;0&#8243; overlay_alpha=&#8221;50&#8243; equal_height=&#8221;yes&#8221; gutter_size=&#8221;0&#8243; shift_y=&#8221;0&#8243; limit_content=&#8221;&#8221;][vc_column_inner column_width_percent=&#8221;100&#8243; position_vertical=&#8221;middle&#8221; align_horizontal=&#8221;align_center&#8221; gutter_size=&#8221;3&#8243; override_padding=&#8221;yes&#8221; column_padding=&#8221;3&#8243; overlay_alpha=&#8221;50&#8243; border_color=&#8221;color-gyho&#8221; border_style=&#8221;solid&#8221; shift_x=&#8221;0&#8243; shift_y=&#8221;0&#8243; shift_y_down=&#8221;0&#8243; z_index=&#8221;0&#8243; medium_width=&#8221;2&#8243; mobile_width=&#8221;0&#8243; width=&#8221;3\/12&#8243; css=&#8221;.vc_custom_1604506694314{border-right-width: 1px !important;}&#8221;][vc_custom_heading heading_semantic=&#8221;h3&#8243; text_font=&#8221;font-165032&#8243; text_size=&#8221;h3&#8243; text_weight=&#8221;400&#8243; text_transform=&#8221;uppercase&#8221; text_space=&#8221;fontspace-781688&#8243; uncode_shortcode_id=&#8221;108498&#8243;]Bize Ula\u015f\u0131n![\/vc_custom_heading][\/vc_column_inner][vc_column_inner column_width_percent=&#8221;100&#8243; position_vertical=&#8221;middle&#8221; gutter_size=&#8221;3&#8243; override_padding=&#8221;yes&#8221; column_padding=&#8221;3&#8243; overlay_alpha=&#8221;50&#8243; shift_x=&#8221;0&#8243; shift_y=&#8221;0&#8243; shift_y_down=&#8221;0&#8243; z_index=&#8221;0&#8243; medium_width=&#8221;6&#8243; align_mobile=&#8221;align_center_mobile&#8221; mobile_width=&#8221;0&#8243; width=&#8221;9\/12&#8243;][vc_custom_heading text_font=&#8221;font-165032&#8243; text_size=&#8221;fontsize-155944&#8243; text_weight=&#8221;400&#8243; text_space=&#8221;fontspace-781688&#8243; uncode_shortcode_id=&#8221;166597&#8243;]Ke\u015ffetmek, yaratmak ve tan\u0131\u015fmak i\u00e7in bizimle ileti\u015fime ge\u00e7in.[\/vc_custom_heading][\/vc_column_inner][\/vc_row_inner][\/vc_column][\/vc_row][vc_row unlock_row=&#8221;&#8221; row_height_percent=&#8221;50&#8243; override_padding=&#8221;yes&#8221; h_padding=&#8221;0&#8243; top_padding=&#8221;3&#8243; bottom_padding=&#8221;0&#8243; overlay_alpha=&#8221;100&#8243; gutter_size=&#8221;100&#8243; column_width_percent=&#8221;100&#8243; shift_y=&#8221;0&#8243; z_index=&#8221;0&#8243; row_height_use_pixel=&#8221;yes&#8221; style=&#8221;inherited&#8221; row_height_pixel=&#8221;300&#8243;][vc_column column_width_percent=&#8221;100&#8243; position_horizontal=&#8221;left&#8221; expand_height=&#8221;yes&#8221; overlay_alpha=&#8221;100&#8243; medium_width=&#8221;0&#8243; width=&#8221;1\/1&#8243; zoom_width=&#8221;0&#8243; zoom_height=&#8221;0&#8243;][vc_empty_space empty_h=&#8221;2&#8243;][vc_column_text text_lead=&#8221;yes&#8221; uncode_shortcode_id=&#8221;173589&#8243;]<\/p>\n<h2 style=\"text-align: center;\"><a class=\"autolinked\" href=\"mailto:info@austekstil.com\" target=\"_blank\" rel=\"noopener noreferrer\" data-behavior=\"truncate\">info@austekstil.com<\/a><\/h2>\n<p>[\/vc_column_text][vc_raw_html]JTNDaWZyYW1lJTIwc3JjJTNEJTIyaHR0cHMlM0ElMkYlMkZ3d3cuZ29vZ2xlLmNvbSUyRm1hcHMlMkZlbWJlZCUzRnBiJTNEJTIxMW0xNiUyMTFtMTIlMjExbTMlMjExZDMwMTAuNDY0NDk5MzA3ODI2NCUyMTJkMjguODgyMDMwNTI2NTk3NjkyJTIxM2Q0MS4wMTUwOTI2MTkwMDQ0NiUyMTJtMyUyMTFmMCUyMTJmMCUyMTNmMCUyMTNtMiUyMTFpMTAyNCUyMTJpNzY4JTIxNGYxMy4xJTIxMm0xJTIxMXNNZWhtZXQlMjUyME5lc2loJTI1MjBPem1lbiUyNTIwTWFoLiUyNTIwRmF0aWglMjUyMENhZCUyNTIwQWtjYXklMjUyMFNvay4lMjUyMEJlc2ElMjUyMEhhbiUyNTIwMTIlMjUyRjIlMjUyME1lcnRlciUyNTJGRyUyNUMzJTI1QkNuZyUyNUMzJTI1QjZyZW4lMjUyMElzdGFuYnVsJTI1MjBUJTI1QzMlMjVCQ3JraXllJTI1MjAlMjE1ZTAlMjEzbTIlMjExc3RyJTIxMnN0ciUyMTR2MTcwMjQ1ODAzNTg5NCUyMTVtMiUyMTFzdHIlMjEyc3RyJTIyJTIwd2lkdGglM0QlMjIxMTAwJTIyJTIwaGVpZ2h0JTNEJTIyNTAwJTIyJTIwc3R5bGUlM0QlMjJib3JkZXIlM0EwJTNCJTIyJTIwYWxsb3dmdWxsc2NyZWVuJTNEJTIyJTIyJTIwbG9hZGluZyUzRCUyMmxhenklMjIlMjByZWZlcnJlcnBvbGljeSUzRCUyMm5vLXJlZmVycmVyLXdoZW4tZG93bmdyYWRlJTIyJTNFJTNDJTJGaWZyYW1lJTNF[\/vc_raw_html][vc_empty_space empty_h=&#8221;3&#8243;][\/vc_column][\/vc_row][vc_row row_height_percent=&#8221;0&#8243; override_padding=&#8221;yes&#8221; h_padding=&#8221;2&#8243; top_padding=&#8221;4&#8243; bottom_padding=&#8221;4&#8243; overlay_alpha=&#8221;50&#8243; equal_height=&#8221;yes&#8221; gutter_size=&#8221;0&#8243; column_width_percent=&#8221;100&#8243; shift_y=&#8221;0&#8243; z_index=&#8221;0&#8243;][vc_column column_width_percent=&#8221;100&#8243; align_horizontal=&#8221;align_center&#8221; gutter_size=&#8221;2&#8243; override_padding=&#8221;yes&#8221; column_padding=&#8221;3&#8243; font_family=&#8221;font-165032&#8243; overlay_alpha=&#8221;50&#8243; border_color=&#8221;color-gyho&#8221; border_style=&#8221;solid&#8221; shift_x=&#8221;0&#8243; shift_y=&#8221;0&#8243; shift_y_down=&#8221;0&#8243; z_index=&#8221;0&#8243; medium_width=&#8221;3&#8243; mobile_width=&#8221;0&#8243; width=&#8221;1\/2&#8243; css=&#8221;.vc_custom_1495111950280{border-right-width: 1px !important;}&#8221;][vc_icon icon=&#8221;fa fa-heart-o&#8221; icon_color=&#8221;color-wvjs&#8221; size=&#8221;fa-3x&#8221; text_font=&#8221;font-165032&#8243; text_size=&#8221;h2&#8243; text_weight=&#8221;400&#8243; text_space=&#8221;fontspace-111509&#8243; text_lead=&#8221;yes&#8221; title=&#8221;Showroom&#8221; uncode_shortcode_id=&#8221;826741&#8243; icon_color_type=&#8221;uncode-palette&#8221;][\/vc_icon][vc_column_text text_lead=&#8221;yes&#8221; uncode_shortcode_id=&#8221;992902&#8243;]Mehmet Nesih Ozmen Mah. Fatih Cad Akcay Sok. Besa Han 12\/2 Merter\/G\u00fcng\u00f6ren Istanbul T\u00fcrkiye<br \/>\n+90 212 504 0420-21[\/vc_column_text][\/vc_column][vc_column column_width_percent=&#8221;100&#8243; align_horizontal=&#8221;align_center&#8221; gutter_size=&#8221;2&#8243; override_padding=&#8221;yes&#8221; column_padding=&#8221;3&#8243; font_family=&#8221;font-165032&#8243; overlay_alpha=&#8221;50&#8243; shift_x=&#8221;0&#8243; shift_y=&#8221;0&#8243; shift_y_down=&#8221;0&#8243; z_index=&#8221;0&#8243; medium_width=&#8221;3&#8243; mobile_width=&#8221;0&#8243; width=&#8221;1\/2&#8243;][vc_icon icon=&#8221;fa fa-gears2&#8243; icon_color=&#8221;color-wvjs&#8221; size=&#8221;fa-3x&#8221; text_font=&#8221;font-165032&#8243; text_size=&#8221;h2&#8243; text_weight=&#8221;400&#8243; text_space=&#8221;fontspace-111509&#8243; text_lead=&#8221;yes&#8221; title=&#8221;Production Facility&#8221; uncode_shortcode_id=&#8221;263847&#8243; icon_color_type=&#8221;uncode-palette&#8221;][\/vc_icon][vc_column_text text_lead=&#8221;yes&#8221; uncode_shortcode_id=&#8221;869179&#8243;]Bozburun Mah. 7040 Sk. No:34<br \/>\nMerkezefendi \/ DEN\u0130ZL\u0130<br \/>\nT\u00dcRK\u0130YE[\/vc_column_text][\/vc_column][\/vc_row][vc_row][vc_column][vc_column_text]<\/p>\n<p>[\/vc_column_text][\/vc_column][\/vc_row][vc_row unlock_row_content=&#8221;yes&#8221; row_height_percent=&#8221;0&#8243; override_padding=&#8221;yes&#8221; h_padding=&#8221;0&#8243; top_padding=&#8221;3&#8243; bottom_padding=&#8221;3&#8243; overlay_alpha=&#8221;50&#8243; gutter_size=&#8221;3&#8243; column_width_percent=&#8221;100&#8243; shift_y=&#8221;0&#8243; z_index=&#8221;0&#8243; uncode_shortcode_id=&#8221;377633&#8243; back_color_type=&#8221;uncode-solid&#8221; back_color_solid=&#8221;#f2ddc1&#8243;][vc_column column_width_percent=&#8221;100&#8243; gutter_size=&#8221;0&#8243; overlay_alpha=&#8221;50&#8243; shift_x=&#8221;0&#8243; shift_y=&#8221;0&#8243; shift_y_down=&#8221;0&#8243; z_index=&#8221;0&#8243; medium_width=&#8221;0&#8243; mobile_width=&#8221;0&#8243; width=&#8221;1\/1&#8243; uncode_shortcode_id=&#8221;119200&#8243;][vc_custom_heading text_font=&#8221;font-120559&#8243; text_size=&#8221;fontsize-338686&#8243; text_space=&#8221;fontspace-781688&#8243; css_animation=&#8221;marquee-scroll&#8221; marquee_clone=&#8221;yes&#8221; uncode_shortcode_id=&#8221;180771&#8243; text_color_type=&#8221;uncode-solid&#8221; text_color_solid=&#8221;#3e4147&#8243;]Bizimle \u0130leti\u015fime Ge\u00e7in \u00b7[\/vc_custom_heading][vc_custom_heading text_font=&#8221;font-120559&#8243; text_size=&#8221;fontsize-338686&#8243; text_space=&#8221;fontspace-781688&#8243; css_animation=&#8221;marquee-scroll-opposite&#8221; marquee_clone=&#8221;yes&#8221; uncode_shortcode_id=&#8221;195322&#8243; text_color_type=&#8221;uncode-solid&#8221; text_color_solid=&#8221;#3e4147&#8243;]Bizimle \u0130leti\u015fime Ge\u00e7in \u00b7[\/vc_custom_heading][\/vc_column][\/vc_row][vc_row unlock_row_content=&#8221;yes&#8221; row_height_percent=&#8221;0&#8243; override_padding=&#8221;yes&#8221; h_padding=&#8221;3&#8243; top_padding=&#8221;2&#8243; bottom_padding=&#8221;2&#8243; overlay_alpha=&#8221;50&#8243; gutter_size=&#8221;3&#8243; column_width_percent=&#8221;100&#8243; shift_y=&#8221;0&#8243; z_index=&#8221;0&#8243; top_divider=&#8221;gradient&#8221; medium_visibility=&#8221;yes&#8221; mobile_visibility=&#8221;yes&#8221; style=&#8221;inherited&#8221; uncode_shortcode_id=&#8221;155692&#8243; back_color_type=&#8221;uncode-solid&#8221; back_color_solid=&#8221;#f2ddc1&#8243;][vc_column column_width_percent=&#8221;100&#8243; position_vertical=&#8221;middle&#8221; align_horizontal=&#8221;align_center&#8221; gutter_size=&#8221;3&#8243; style=&#8221;dark&#8221; overlay_alpha=&#8221;100&#8243; shift_x=&#8221;0&#8243; shift_y=&#8221;0&#8243; shift_y_down=&#8221;0&#8243; z_index=&#8221;0&#8243; medium_width=&#8221;3&#8243; mobile_width=&#8221;3&#8243; zoom_width=&#8221;0&#8243; zoom_height=&#8221;0&#8243; width=&#8221;1\/6&#8243;][\/vc_column][vc_column column_width_percent=&#8221;100&#8243; position_vertical=&#8221;middle&#8221; align_horizontal=&#8221;align_center&#8221; gutter_size=&#8221;3&#8243; style=&#8221;dark&#8221; overlay_alpha=&#8221;50&#8243; shift_x=&#8221;0&#8243; shift_y=&#8221;0&#8243; shift_y_down=&#8221;0&#8243; z_index=&#8221;0&#8243; medium_width=&#8221;3&#8243; mobile_width=&#8221;3&#8243; zoom_width=&#8221;0&#8243; zoom_height=&#8221;0&#8243; width=&#8221;1\/6&#8243;][\/vc_column][vc_column column_width_percent=&#8221;100&#8243; position_vertical=&#8221;middle&#8221; align_horizontal=&#8221;align_center&#8221; gutter_size=&#8221;3&#8243; style=&#8221;dark&#8221; overlay_alpha=&#8221;50&#8243; shift_x=&#8221;0&#8243; shift_y=&#8221;0&#8243; shift_y_down=&#8221;0&#8243; z_index=&#8221;0&#8243; medium_width=&#8221;3&#8243; mobile_width=&#8221;3&#8243; zoom_width=&#8221;0&#8243; zoom_height=&#8221;0&#8243; width=&#8221;1\/6&#8243;][vc_icon display=&#8221;inline&#8221; icon=&#8221;fa fa-linkedin&#8221; size=&#8221;fa-4x&#8221; css_animation=&#8221;zoom-in&#8221; animation_delay=&#8221;600&#8243; link=&#8221;url:https%3A%2F%2Fwww.linkedin.com%2Fcompany%2Faus-tekstil%2Fabout%2F%3FviewAsMember%3Dtrue|target:_blank&#8221; uncode_shortcode_id=&#8221;798867&#8243; icon_color_type=&#8221;uncode-solid&#8221; icon_color_solid=&#8221;#303133&#8243;][\/vc_icon][\/vc_column][vc_column column_width_percent=&#8221;100&#8243; position_vertical=&#8221;middle&#8221; align_horizontal=&#8221;align_center&#8221; gutter_size=&#8221;3&#8243; style=&#8221;dark&#8221; overlay_alpha=&#8221;50&#8243; shift_x=&#8221;0&#8243; shift_y=&#8221;0&#8243; shift_y_down=&#8221;0&#8243; z_index=&#8221;0&#8243; medium_width=&#8221;3&#8243; mobile_width=&#8221;3&#8243; zoom_width=&#8221;0&#8243; zoom_height=&#8221;0&#8243; width=&#8221;1\/6&#8243;][vc_icon display=&#8221;inline&#8221; icon=&#8221;fa fa-instagram1&#8243; size=&#8221;fa-4x&#8221; css_animation=&#8221;zoom-in&#8221; animation_delay=&#8221;900&#8243; link=&#8221;url:https%3A%2F%2Fwww.instagram.com%2Faushometextile%2F|target:_blank&#8221; uncode_shortcode_id=&#8221;361766&#8243; icon_color_type=&#8221;uncode-solid&#8221; icon_color_solid=&#8221;#303133&#8243;][\/vc_icon][\/vc_column][vc_column column_width_percent=&#8221;100&#8243; position_vertical=&#8221;middle&#8221; align_horizontal=&#8221;align_center&#8221; gutter_size=&#8221;3&#8243; style=&#8221;dark&#8221; overlay_alpha=&#8221;50&#8243; shift_x=&#8221;0&#8243; shift_y=&#8221;0&#8243; shift_y_down=&#8221;0&#8243; z_index=&#8221;0&#8243; medium_width=&#8221;3&#8243; mobile_width=&#8221;3&#8243; zoom_width=&#8221;0&#8243; zoom_height=&#8221;0&#8243; width=&#8221;1\/6&#8243;][\/vc_column][vc_column column_width_percent=&#8221;100&#8243; position_vertical=&#8221;middle&#8221; align_horizontal=&#8221;align_center&#8221; gutter_size=&#8221;3&#8243; style=&#8221;dark&#8221; overlay_alpha=&#8221;50&#8243; shift_x=&#8221;0&#8243; shift_y=&#8221;0&#8243; shift_y_down=&#8221;0&#8243; z_index=&#8221;0&#8243; medium_width=&#8221;3&#8243; mobile_width=&#8221;3&#8243; zoom_width=&#8221;0&#8243; zoom_height=&#8221;0&#8243; width=&#8221;1\/6&#8243;][\/vc_column][\/vc_row][vc_row unlock_row_content=&#8221;yes&#8221; row_height_percent=&#8221;0&#8243; overlay_alpha=&#8221;50&#8243; gutter_size=&#8221;0&#8243; column_width_percent=&#8221;100&#8243; shift_y=&#8221;0&#8243; z_index=&#8221;0&#8243; desktop_visibility=&#8221;yes&#8221; uncode_shortcode_id=&#8221;163748&#8243; back_color_type=&#8221;uncode-solid&#8221; back_color_solid=&#8221;#f2ddc1&#8243;][vc_column column_width_percent=&#8221;100&#8243; position_vertical=&#8221;middle&#8221; align_horizontal=&#8221;align_center&#8221; gutter_size=&#8221;3&#8243; overlay_alpha=&#8221;50&#8243; shift_x=&#8221;0&#8243; shift_y=&#8221;0&#8243; shift_y_down=&#8221;0&#8243; z_index=&#8221;0&#8243; medium_width=&#8221;0&#8243; mobile_width=&#8221;0&#8243; width=&#8221;1\/1&#8243; uncode_shortcode_id=&#8221;181459&#8243;][vc_icon display=&#8221;inline&#8221; icon=&#8221;fa fa-linkedin&#8221; size=&#8221;fa-4x&#8221; css_animation=&#8221;zoom-in&#8221; animation_delay=&#8221;600&#8243; link=&#8221;url:https%3A%2F%2Fwww.linkedin.com%2Fcompany%2Faus-tekstil%2Fabout%2F%3FviewAsMember%3Dtrue|target:_blank&#8221; uncode_shortcode_id=&#8221;798867&#8243; icon_color_type=&#8221;uncode-solid&#8221; icon_color_solid=&#8221;#303133&#8243;][\/vc_icon][\/vc_column][\/vc_row][vc_row unlock_row_content=&#8221;yes&#8221; row_height_percent=&#8221;0&#8243; overlay_alpha=&#8221;50&#8243; gutter_size=&#8221;0&#8243; column_width_percent=&#8221;100&#8243; shift_y=&#8221;0&#8243; z_index=&#8221;0&#8243; desktop_visibility=&#8221;yes&#8221; uncode_shortcode_id=&#8221;133928&#8243; back_color_type=&#8221;uncode-solid&#8221; back_color_solid=&#8221;#f2ddc1&#8243;][vc_column column_width_percent=&#8221;100&#8243; position_vertical=&#8221;middle&#8221; align_horizontal=&#8221;align_center&#8221; gutter_size=&#8221;3&#8243; overlay_alpha=&#8221;50&#8243; shift_x=&#8221;0&#8243; shift_y=&#8221;0&#8243; shift_y_down=&#8221;0&#8243; z_index=&#8221;0&#8243; medium_width=&#8221;0&#8243; mobile_width=&#8221;0&#8243; width=&#8221;1\/1&#8243; uncode_shortcode_id=&#8221;194355&#8243;][vc_icon display=&#8221;inline&#8221; icon=&#8221;fa fa-instagram1&#8243; size=&#8221;fa-4x&#8221; css_animation=&#8221;zoom-in&#8221; animation_delay=&#8221;900&#8243; link=&#8221;url:https%3A%2F%2Fwww.instagram.com%2Faushometextile%2F|target:_blank&#8221; uncode_shortcode_id=&#8221;361766&#8243; icon_color_type=&#8221;uncode-solid&#8221; icon_color_solid=&#8221;#303133&#8243;][\/vc_icon][\/vc_column][\/vc_row][vc_row unlock_row_content=&#8221;yes&#8221; row_height_percent=&#8221;0&#8243; back_color=&#8221;color-xsdn&#8221; overlay_alpha=&#8221;50&#8243; gutter_size=&#8221;3&#8243; column_width_percent=&#8221;100&#8243; shift_y=&#8221;0&#8243; z_index=&#8221;0&#8243; uncode_shortcode_id=&#8221;134061&#8243; back_color_type=&#8221;uncode-palette&#8221;][vc_column width=&#8221;1\/6&#8243;][\/vc_column][vc_column width=&#8221;1\/6&#8243;][\/vc_column][vc_column width=&#8221;1\/6&#8243;][vc_column_text uncode_shortcode_id=&#8221;274043&#8243;]<\/p>\n<h6 style=\"text-align: center; color: #303133;\"><a style=\"color: #303133;\" href=\"http:\/\/www.austekstil.com\/wp-content\/uploads\/2022\/07\/basvuru-formu.pdf\" target=\"_blank\" rel=\"noopener\">Ba\u015fvuru Formu<\/a><\/h6>\n<p>[\/vc_column_text][\/vc_column][vc_column width=&#8221;1\/6&#8243;][vc_column_text uncode_shortcode_id=&#8221;889780&#8243;]<\/p>\n<h6 style=\"text-align: center; color: #303133;\"><a style=\"color: #303133;\" href=\"http:\/\/www.austekstil.com\/wp-content\/uploads\/2022\/07\/genel-aydinlatma-metni.pdf\" target=\"_blank\" rel=\"noopener\">KVKK<\/a><\/h6>\n<p>[\/vc_column_text][\/vc_column][vc_column width=&#8221;1\/6&#8243;][\/vc_column][vc_column width=&#8221;1\/6&#8243;][\/vc_column][\/vc_row]<\/p>\n","protected":false},"excerpt":{"rendered":"<p>[vc_row row_height_percent=&#8221;70&#8243; back_color=&#8221;color-wayh&#8221; back_image=&#8221;111465&#8243; back_repeat=&#8221;no-repeat&#8221; back_position=&#8221;center center&#8221; overlay_color=&#8221;color-jevc&#8221; overlay_alpha=&#8221;50&#8243; gutter_size=&#8221;3&#8243; column_width_percent=&#8221;100&#8243; shift_y=&#8221;0&#8243; z_index=&#8221;0&#8243; uncode_shortcode_id=&#8221;910983&#8243; back_color_type=&#8221;uncode-palette&#8221; overlay_color_type=&#8221;uncode-palette&#8221;][vc_column column_width_percent=&#8221;100&#8243; gutter_size=&#8221;3&#8243; style=&#8221;dark&#8221; overlay_alpha=&#8221;50&#8243; [&hellip;]<\/p>\n","protected":false},"author":3,"featured_media":0,"parent":0,"menu_order":0,"comment_status":"closed","ping_status":"closed","template":"","meta":[],"_links":{"self":[{"href":"https:\/\/www.austekstil.com\/tr\/wp-json\/wp\/v2\/pages\/112545"}],"collection":[{"href":"https:\/\/www.austekstil.com\/tr\/wp-json\/wp\/v2\/pages"}],"about":[{"href":"https:\/\/www.austekstil.com\/tr\/wp-json\/wp\/v2\/types\/page"}],"author":[{"embeddable":true,"href":"https:\/\/www.austekstil.com\/tr\/wp-json\/wp\/v2\/users\/3"}],"replies":[{"embeddable":true,"href":"https:\/\/www.austekstil.com\/tr\/wp-json\/wp\/v2\/comments?post=112545"}],"version-history":[{"count":7,"href":"https:\/\/www.austekstil.com\/tr\/wp-json\/wp\/v2\/pages\/112545\/revisions"}],"predecessor-version":[{"id":112615,"href":"https:\/\/www.austekstil.com\/tr\/wp-json\/wp\/v2\/pages\/112545\/revisions\/112615"}],"wp:attachment":[{"href":"https:\/\/www.austekstil.com\/tr\/wp-json\/wp\/v2\/media?parent=112545"}],"curies":[{"name":"wp","href":"https:\/\/api.w.org\/{rel}","templated":true}]}}